{"id":350,"date":"2023-09-18T00:56:56","date_gmt":"2023-09-17T22:56:56","guid":{"rendered":"https:\/\/prod3007.online\/?page_id=350"},"modified":"2023-11-10T17:40:05","modified_gmt":"2023-11-10T16:40:05","slug":"menu","status":"publish","type":"page","link":"https:\/\/mgvrac.ca\/index.php\/menu\/","title":{"rendered":"Menu"},"content":{"rendered":"\t\t<div data-elementor-type=\"wp-page\" data-elementor-id=\"350\" class=\"elementor elementor-350\" data-elementor-post-type=\"page\">\n\t\t\t\t\t\t<section class=\"elementor-section elementor-top-section elementor-element elementor-element-f6ab292 elementor-section-boxed elementor-section-height-default elementor-section-height-default\" data-id=\"f6ab292\" data-element_type=\"section\" data-e-type=\"section\">\n\t\t\t\t\t\t<div class=\"elementor-container elementor-column-gap-default\">\n\t\t\t\t\t<div class=\"elementor-column elementor-col-50 elementor-top-column elementor-element elementor-element-1359cb2\" data-id=\"1359cb2\" data-element_type=\"column\" data-e-type=\"column\">\n\t\t\t<div class=\"elementor-widget-wrap elementor-element-populated\">\n\t\t\t\t\t\t<div class=\"elementor-element elementor-element-28cf9f7 elementor-widget__width-initial elementor-widget elementor-widget-image\" data-id=\"28cf9f7\" data-element_type=\"widget\" data-e-type=\"widget\" data-widget_type=\"image.default\">\n\t\t\t\t<div class=\"elementor-widget-container\">\n\t\t\t\t\t\t\t\t\t\t\t\t\t\t\t<img fetchpriority=\"high\" decoding=\"async\" width=\"663\" height=\"1024\" src=\"https:\/\/mgvrac.ca\/wp-content\/uploads\/2023\/11\/Copie-de-Beige-Jaune-Elegant-Restaurant-de-Pates-Menu-663x1024.png\" class=\"attachment-large size-large wp-image-561\" alt=\"\" srcset=\"https:\/\/mgvrac.ca\/wp-content\/uploads\/2023\/11\/Copie-de-Beige-Jaune-Elegant-Restaurant-de-Pates-Menu-663x1024.png 663w, https:\/\/mgvrac.ca\/wp-content\/uploads\/2023\/11\/Copie-de-Beige-Jaune-Elegant-Restaurant-de-Pates-Menu-194x300.png 194w, https:\/\/mgvrac.ca\/wp-content\/uploads\/2023\/11\/Copie-de-Beige-Jaune-Elegant-Restaurant-de-Pates-Menu-768x1187.png 768w, https:\/\/mgvrac.ca\/wp-content\/uploads\/2023\/11\/Copie-de-Beige-Jaune-Elegant-Restaurant-de-Pates-Menu-994x1536.png 994w, https:\/\/mgvrac.ca\/wp-content\/uploads\/2023\/11\/Copie-de-Beige-Jaune-Elegant-Restaurant-de-Pates-Menu.png 1294w\" sizes=\"(max-width: 663px) 100vw, 663px\" \/>\t\t\t\t\t\t\t\t\t\t\t\t\t\t\t<\/div>\n\t\t\t\t<\/div>\n\t\t\t\t\t<\/div>\n\t\t<\/div>\n\t\t\t\t<div class=\"elementor-column elementor-col-50 elementor-top-column elementor-element elementor-element-349fc3f\" data-id=\"349fc3f\" data-element_type=\"column\" data-e-type=\"column\">\n\t\t\t<div class=\"elementor-widget-wrap elementor-element-populated\">\n\t\t\t\t\t\t<div class=\"elementor-element elementor-element-89c1350 elementor-widget__width-initial elementor-widget elementor-widget-image\" data-id=\"89c1350\" data-element_type=\"widget\" data-e-type=\"widget\" data-widget_type=\"image.default\">\n\t\t\t\t<div class=\"elementor-widget-container\">\n\t\t\t\t\t\t\t\t\t\t\t\t\t\t\t<img decoding=\"async\" width=\"791\" height=\"1024\" src=\"https:\/\/mgvrac.ca\/wp-content\/uploads\/2023\/11\/Copie-de-Blue-Orange-Cereal-Snack-Meal-Planner-Menu-791x1024.png\" class=\"attachment-large size-large wp-image-562\" alt=\"\" srcset=\"https:\/\/mgvrac.ca\/wp-content\/uploads\/2023\/11\/Copie-de-Blue-Orange-Cereal-Snack-Meal-Planner-Menu-791x1024.png 791w, https:\/\/mgvrac.ca\/wp-content\/uploads\/2023\/11\/Copie-de-Blue-Orange-Cereal-Snack-Meal-Planner-Menu-232x300.png 232w, https:\/\/mgvrac.ca\/wp-content\/uploads\/2023\/11\/Copie-de-Blue-Orange-Cereal-Snack-Meal-Planner-Menu-768x994.png 768w, https:\/\/mgvrac.ca\/wp-content\/uploads\/2023\/11\/Copie-de-Blue-Orange-Cereal-Snack-Meal-Planner-Menu-1187x1536.png 1187w, https:\/\/mgvrac.ca\/wp-content\/uploads\/2023\/11\/Copie-de-Blue-Orange-Cereal-Snack-Meal-Planner-Menu.png 1545w\" sizes=\"(max-width: 791px) 100vw, 791px\" \/>\t\t\t\t\t\t\t\t\t\t\t\t\t\t\t<\/div>\n\t\t\t\t<\/div>\n\t\t\t\t\t<\/div>\n\t\t<\/div>\n\t\t\t\t\t<\/div>\n\t\t<\/section>\n\t\t\t\t<section class=\"elementor-section elementor-top-section elementor-element elementor-element-4f4f066 elementor-section-boxed elementor-section-height-default elementor-section-height-default\" data-id=\"4f4f066\" data-element_type=\"section\" data-e-type=\"section\">\n\t\t\t\t\t\t<div class=\"elementor-container elementor-column-gap-default\">\n\t\t\t\t\t<div class=\"elementor-column elementor-col-50 elementor-top-column elementor-element elementor-element-51ffd9f\" data-id=\"51ffd9f\" data-element_type=\"column\" data-e-type=\"column\">\n\t\t\t<div class=\"elementor-widget-wrap elementor-element-populated\">\n\t\t\t\t\t\t<div class=\"elementor-element elementor-element-ff72ba2 elementor-widget elementor-widget-image\" data-id=\"ff72ba2\" data-element_type=\"widget\" data-e-type=\"widget\" data-widget_type=\"image.default\">\n\t\t\t\t<div class=\"elementor-widget-container\">\n\t\t\t\t\t\t\t\t\t\t\t\t\t\t\t<img decoding=\"async\" width=\"791\" height=\"1024\" src=\"https:\/\/mgvrac.ca\/wp-content\/uploads\/2023\/11\/Beige-Orange-Watercolor-Illustrative-Autumn-Thanksgiving-Menu-791x1024.png\" class=\"attachment-large size-large wp-image-566\" alt=\"\" srcset=\"https:\/\/mgvrac.ca\/wp-content\/uploads\/2023\/11\/Beige-Orange-Watercolor-Illustrative-Autumn-Thanksgiving-Menu-791x1024.png 791w, https:\/\/mgvrac.ca\/wp-content\/uploads\/2023\/11\/Beige-Orange-Watercolor-Illustrative-Autumn-Thanksgiving-Menu-232x300.png 232w, https:\/\/mgvrac.ca\/wp-content\/uploads\/2023\/11\/Beige-Orange-Watercolor-Illustrative-Autumn-Thanksgiving-Menu-768x994.png 768w, https:\/\/mgvrac.ca\/wp-content\/uploads\/2023\/11\/Beige-Orange-Watercolor-Illustrative-Autumn-Thanksgiving-Menu-1187x1536.png 1187w, https:\/\/mgvrac.ca\/wp-content\/uploads\/2023\/11\/Beige-Orange-Watercolor-Illustrative-Autumn-Thanksgiving-Menu.png 1545w\" sizes=\"(max-width: 791px) 100vw, 791px\" \/>\t\t\t\t\t\t\t\t\t\t\t\t\t\t\t<\/div>\n\t\t\t\t<\/div>\n\t\t\t\t\t<\/div>\n\t\t<\/div>\n\t\t\t\t<div class=\"elementor-column elementor-col-50 elementor-top-column elementor-element elementor-element-aff4f31\" data-id=\"aff4f31\" data-element_type=\"column\" data-e-type=\"column\">\n\t\t\t<div class=\"elementor-widget-wrap elementor-element-populated\">\n\t\t\t\t\t\t<div class=\"elementor-element elementor-element-e11e125 elementor-widget elementor-widget-image\" data-id=\"e11e125\" data-element_type=\"widget\" data-e-type=\"widget\" data-widget_type=\"image.default\">\n\t\t\t\t<div class=\"elementor-widget-container\">\n\t\t\t\t\t\t\t\t\t\t\t\t\t\t\t<img loading=\"lazy\" decoding=\"async\" width=\"724\" height=\"1024\" src=\"https:\/\/mgvrac.ca\/wp-content\/uploads\/2023\/11\/Menu-Huile-MGV-724x1024.png\" class=\"attachment-large size-large wp-image-565\" alt=\"\" srcset=\"https:\/\/mgvrac.ca\/wp-content\/uploads\/2023\/11\/Menu-Huile-MGV-724x1024.png 724w, https:\/\/mgvrac.ca\/wp-content\/uploads\/2023\/11\/Menu-Huile-MGV-212x300.png 212w, https:\/\/mgvrac.ca\/wp-content\/uploads\/2023\/11\/Menu-Huile-MGV-768x1086.png 768w, https:\/\/mgvrac.ca\/wp-content\/uploads\/2023\/11\/Menu-Huile-MGV-1086x1536.png 1086w, https:\/\/mgvrac.ca\/wp-content\/uploads\/2023\/11\/Menu-Huile-MGV.png 1414w\" sizes=\"(max-width: 724px) 100vw, 724px\" \/>\t\t\t\t\t\t\t\t\t\t\t\t\t\t\t<\/div>\n\t\t\t\t<\/div>\n\t\t\t\t\t<\/div>\n\t\t<\/div>\n\t\t\t\t\t<\/div>\n\t\t<\/section>\n\t\t\t\t<section class=\"elementor-section elementor-top-section elementor-element elementor-element-1bfe93b elementor-section-boxed elementor-section-height-default elementor-section-height-default\" data-id=\"1bfe93b\" data-element_type=\"section\" data-e-type=\"section\">\n\t\t\t\t\t\t<div class=\"elementor-container elementor-column-gap-no\">\n\t\t\t\t\t<div class=\"elementor-column elementor-col-50 elementor-top-column elementor-element elementor-element-d9f563d\" data-id=\"d9f563d\" data-element_type=\"column\" data-e-type=\"column\">\n\t\t\t<div class=\"elementor-widget-wrap elementor-element-populated\">\n\t\t\t\t\t\t<div class=\"elementor-element elementor-element-8288008 elementor-widget elementor-widget-image\" data-id=\"8288008\" data-element_type=\"widget\" data-e-type=\"widget\" data-widget_type=\"image.default\">\n\t\t\t\t<div class=\"elementor-widget-container\">\n\t\t\t\t\t\t\t\t\t\t\t\t\t\t\t<img loading=\"lazy\" decoding=\"async\" width=\"791\" height=\"1024\" src=\"https:\/\/mgvrac.ca\/wp-content\/uploads\/2023\/11\/Black-Modern-Coffee-Shop-Menu-791x1024.png\" class=\"attachment-large size-large wp-image-567\" alt=\"\" srcset=\"https:\/\/mgvrac.ca\/wp-content\/uploads\/2023\/11\/Black-Modern-Coffee-Shop-Menu-791x1024.png 791w, https:\/\/mgvrac.ca\/wp-content\/uploads\/2023\/11\/Black-Modern-Coffee-Shop-Menu-232x300.png 232w, https:\/\/mgvrac.ca\/wp-content\/uploads\/2023\/11\/Black-Modern-Coffee-Shop-Menu-768x994.png 768w, https:\/\/mgvrac.ca\/wp-content\/uploads\/2023\/11\/Black-Modern-Coffee-Shop-Menu-1187x1536.png 1187w, https:\/\/mgvrac.ca\/wp-content\/uploads\/2023\/11\/Black-Modern-Coffee-Shop-Menu.png 1545w\" sizes=\"(max-width: 791px) 100vw, 791px\" \/>\t\t\t\t\t\t\t\t\t\t\t\t\t\t\t<\/div>\n\t\t\t\t<\/div>\n\t\t\t\t\t<\/div>\n\t\t<\/div>\n\t\t\t\t<div class=\"elementor-column elementor-col-50 elementor-top-column elementor-element elementor-element-fb375d4\" data-id=\"fb375d4\" data-element_type=\"column\" data-e-type=\"column\">\n\t\t\t<div class=\"elementor-widget-wrap elementor-element-populated\">\n\t\t\t\t\t\t<div class=\"elementor-element elementor-element-0f2780e elementor-widget__width-initial elementor-widget elementor-widget-image\" data-id=\"0f2780e\" data-element_type=\"widget\" data-e-type=\"widget\" data-widget_type=\"image.default\">\n\t\t\t\t<div class=\"elementor-widget-container\">\n\t\t\t\t\t\t\t\t\t\t\t\t\t\t\t<img loading=\"lazy\" decoding=\"async\" width=\"576\" height=\"1024\" src=\"https:\/\/mgvrac.ca\/wp-content\/uploads\/2023\/11\/Menu-Epices-576x1024.png\" class=\"attachment-large size-large wp-image-564\" alt=\"\" srcset=\"https:\/\/mgvrac.ca\/wp-content\/uploads\/2023\/11\/Menu-Epices-576x1024.png 576w, https:\/\/mgvrac.ca\/wp-content\/uploads\/2023\/11\/Menu-Epices-169x300.png 169w, https:\/\/mgvrac.ca\/wp-content\/uploads\/2023\/11\/Menu-Epices-768x1365.png 768w, https:\/\/mgvrac.ca\/wp-content\/uploads\/2023\/11\/Menu-Epices-864x1536.png 864w, https:\/\/mgvrac.ca\/wp-content\/uploads\/2023\/11\/Menu-Epices.png 1080w\" sizes=\"(max-width: 576px) 100vw, 576px\" \/>\t\t\t\t\t\t\t\t\t\t\t\t\t\t\t<\/div>\n\t\t\t\t<\/div>\n\t\t\t\t\t<\/div>\n\t\t<\/div>\n\t\t\t\t\t<\/div>\n\t\t<\/section>\n\t\t\t\t<\/div>\n\t\t","protected":false},"excerpt":{"rendered":"","protected":false},"author":1,"featured_media":0,"parent":0,"menu_order":0,"comment_status":"closed","ping_status":"closed","template":"elementor_header_footer","meta":{"footnotes":""},"class_list":["post-350","page","type-page","status-publish","hentry"],"yoast_head":"<!-- This site is optimized with the Yoast SEO plugin v26.8 - https:\/\/yoast.com\/product\/yoast-seo-wordpress\/ -->\n<title>Menu - Magasin G\u00e9n\u00e9ral Vrac &amp; Compagnie<\/title>\n<meta name=\"robots\" content=\"index, follow, max-snippet:-1, max-image-preview:large, max-video-preview:-1\" \/>\n<link rel=\"canonical\" href=\"https:\/\/mgvrac.ca\/index.php\/menu\/\" \/>\n<meta property=\"og:locale\" content=\"fr_FR\" \/>\n<meta property=\"og:type\" content=\"article\" \/>\n<meta property=\"og:title\" content=\"Menu - Magasin G\u00e9n\u00e9ral Vrac &amp; Compagnie\" \/>\n<meta property=\"og:url\" content=\"https:\/\/mgvrac.ca\/index.php\/menu\/\" \/>\n<meta property=\"og:site_name\" content=\"Magasin G\u00e9n\u00e9ral Vrac &amp; Compagnie\" \/>\n<meta property=\"article:publisher\" content=\"https:\/\/www.facebook.com\/MGvracetcompagnie?locale=fr_CA\" \/>\n<meta property=\"article:modified_time\" content=\"2023-11-10T16:40:05+00:00\" \/>\n<meta property=\"og:image\" content=\"https:\/\/mgvrac.ca\/wp-content\/uploads\/2023\/11\/Copie-de-Beige-Jaune-Elegant-Restaurant-de-Pates-Menu-663x1024.png\" \/>\n<meta name=\"twitter:card\" content=\"summary_large_image\" \/>\n<script type=\"application\/ld+json\" class=\"yoast-schema-graph\">{\"@context\":\"https:\/\/schema.org\",\"@graph\":[{\"@type\":\"WebPage\",\"@id\":\"https:\/\/mgvrac.ca\/index.php\/menu\/\",\"url\":\"https:\/\/mgvrac.ca\/index.php\/menu\/\",\"name\":\"Menu - Magasin G\u00e9n\u00e9ral Vrac &amp; Compagnie\",\"isPartOf\":{\"@id\":\"https:\/\/mgvrac.ca\/#website\"},\"primaryImageOfPage\":{\"@id\":\"https:\/\/mgvrac.ca\/index.php\/menu\/#primaryimage\"},\"image\":{\"@id\":\"https:\/\/mgvrac.ca\/index.php\/menu\/#primaryimage\"},\"thumbnailUrl\":\"https:\/\/mgvrac.ca\/wp-content\/uploads\/2023\/11\/Copie-de-Beige-Jaune-Elegant-Restaurant-de-Pates-Menu-663x1024.png\",\"datePublished\":\"2023-09-17T22:56:56+00:00\",\"dateModified\":\"2023-11-10T16:40:05+00:00\",\"breadcrumb\":{\"@id\":\"https:\/\/mgvrac.ca\/index.php\/menu\/#breadcrumb\"},\"inLanguage\":\"fr-FR\",\"potentialAction\":[{\"@type\":\"ReadAction\",\"target\":[\"https:\/\/mgvrac.ca\/index.php\/menu\/\"]}]},{\"@type\":\"ImageObject\",\"inLanguage\":\"fr-FR\",\"@id\":\"https:\/\/mgvrac.ca\/index.php\/menu\/#primaryimage\",\"url\":\"https:\/\/mgvrac.ca\/wp-content\/uploads\/2023\/11\/Copie-de-Beige-Jaune-Elegant-Restaurant-de-Pates-Menu.png\",\"contentUrl\":\"https:\/\/mgvrac.ca\/wp-content\/uploads\/2023\/11\/Copie-de-Beige-Jaune-Elegant-Restaurant-de-Pates-Menu.png\",\"width\":1294,\"height\":2000},{\"@type\":\"BreadcrumbList\",\"@id\":\"https:\/\/mgvrac.ca\/index.php\/menu\/#breadcrumb\",\"itemListElement\":[{\"@type\":\"ListItem\",\"position\":1,\"name\":\"Accueil\",\"item\":\"https:\/\/mgvrac.ca\/\"},{\"@type\":\"ListItem\",\"position\":2,\"name\":\"Menu\"}]},{\"@type\":\"WebSite\",\"@id\":\"https:\/\/mgvrac.ca\/#website\",\"url\":\"https:\/\/mgvrac.ca\/\",\"name\":\"Magasin G\u00e9n\u00e9ral Vrac &amp; Compagnie\",\"description\":\"Plus qu&#039;une \u00e9picerie une attitude\",\"publisher\":{\"@id\":\"https:\/\/mgvrac.ca\/#organization\"},\"potentialAction\":[{\"@type\":\"SearchAction\",\"target\":{\"@type\":\"EntryPoint\",\"urlTemplate\":\"https:\/\/mgvrac.ca\/?s={search_term_string}\"},\"query-input\":{\"@type\":\"PropertyValueSpecification\",\"valueRequired\":true,\"valueName\":\"search_term_string\"}}],\"inLanguage\":\"fr-FR\"},{\"@type\":\"Organization\",\"@id\":\"https:\/\/mgvrac.ca\/#organization\",\"name\":\"Magasin G\u00e9n\u00e9ral Vrac &amp; Compagnie\",\"url\":\"https:\/\/mgvrac.ca\/\",\"logo\":{\"@type\":\"ImageObject\",\"inLanguage\":\"fr-FR\",\"@id\":\"https:\/\/mgvrac.ca\/#\/schema\/logo\/image\/\",\"url\":\"https:\/\/mgvrac.ca\/wp-content\/uploads\/2023\/09\/Magasin-General-et-Vrac-8.png\",\"contentUrl\":\"https:\/\/mgvrac.ca\/wp-content\/uploads\/2023\/09\/Magasin-General-et-Vrac-8.png\",\"width\":1024,\"height\":1024,\"caption\":\"Magasin G\u00e9n\u00e9ral Vrac &amp; Compagnie\"},\"image\":{\"@id\":\"https:\/\/mgvrac.ca\/#\/schema\/logo\/image\/\"},\"sameAs\":[\"https:\/\/www.facebook.com\/MGvracetcompagnie?locale=fr_CA\"]}]}<\/script>\n<!-- \/ Yoast SEO plugin. -->","yoast_head_json":{"title":"Menu - Magasin G\u00e9n\u00e9ral Vrac &amp; Compagnie","robots":{"index":"index","follow":"follow","max-snippet":"max-snippet:-1","max-image-preview":"max-image-preview:large","max-video-preview":"max-video-preview:-1"},"canonical":"https:\/\/mgvrac.ca\/index.php\/menu\/","og_locale":"fr_FR","og_type":"article","og_title":"Menu - Magasin G\u00e9n\u00e9ral Vrac &amp; Compagnie","og_url":"https:\/\/mgvrac.ca\/index.php\/menu\/","og_site_name":"Magasin G\u00e9n\u00e9ral Vrac &amp; Compagnie","article_publisher":"https:\/\/www.facebook.com\/MGvracetcompagnie?locale=fr_CA","article_modified_time":"2023-11-10T16:40:05+00:00","og_image":[{"url":"https:\/\/mgvrac.ca\/wp-content\/uploads\/2023\/11\/Copie-de-Beige-Jaune-Elegant-Restaurant-de-Pates-Menu-663x1024.png","type":"","width":"","height":""}],"twitter_card":"summary_large_image","schema":{"@context":"https:\/\/schema.org","@graph":[{"@type":"WebPage","@id":"https:\/\/mgvrac.ca\/index.php\/menu\/","url":"https:\/\/mgvrac.ca\/index.php\/menu\/","name":"Menu - Magasin G\u00e9n\u00e9ral Vrac &amp; Compagnie","isPartOf":{"@id":"https:\/\/mgvrac.ca\/#website"},"primaryImageOfPage":{"@id":"https:\/\/mgvrac.ca\/index.php\/menu\/#primaryimage"},"image":{"@id":"https:\/\/mgvrac.ca\/index.php\/menu\/#primaryimage"},"thumbnailUrl":"https:\/\/mgvrac.ca\/wp-content\/uploads\/2023\/11\/Copie-de-Beige-Jaune-Elegant-Restaurant-de-Pates-Menu-663x1024.png","datePublished":"2023-09-17T22:56:56+00:00","dateModified":"2023-11-10T16:40:05+00:00","breadcrumb":{"@id":"https:\/\/mgvrac.ca\/index.php\/menu\/#breadcrumb"},"inLanguage":"fr-FR","potentialAction":[{"@type":"ReadAction","target":["https:\/\/mgvrac.ca\/index.php\/menu\/"]}]},{"@type":"ImageObject","inLanguage":"fr-FR","@id":"https:\/\/mgvrac.ca\/index.php\/menu\/#primaryimage","url":"https:\/\/mgvrac.ca\/wp-content\/uploads\/2023\/11\/Copie-de-Beige-Jaune-Elegant-Restaurant-de-Pates-Menu.png","contentUrl":"https:\/\/mgvrac.ca\/wp-content\/uploads\/2023\/11\/Copie-de-Beige-Jaune-Elegant-Restaurant-de-Pates-Menu.png","width":1294,"height":2000},{"@type":"BreadcrumbList","@id":"https:\/\/mgvrac.ca\/index.php\/menu\/#breadcrumb","itemListElement":[{"@type":"ListItem","position":1,"name":"Accueil","item":"https:\/\/mgvrac.ca\/"},{"@type":"ListItem","position":2,"name":"Menu"}]},{"@type":"WebSite","@id":"https:\/\/mgvrac.ca\/#website","url":"https:\/\/mgvrac.ca\/","name":"Magasin G\u00e9n\u00e9ral Vrac &amp; Compagnie","description":"Plus qu&#039;une \u00e9picerie une attitude","publisher":{"@id":"https:\/\/mgvrac.ca\/#organization"},"potentialAction":[{"@type":"SearchAction","target":{"@type":"EntryPoint","urlTemplate":"https:\/\/mgvrac.ca\/?s={search_term_string}"},"query-input":{"@type":"PropertyValueSpecification","valueRequired":true,"valueName":"search_term_string"}}],"inLanguage":"fr-FR"},{"@type":"Organization","@id":"https:\/\/mgvrac.ca\/#organization","name":"Magasin G\u00e9n\u00e9ral Vrac &amp; Compagnie","url":"https:\/\/mgvrac.ca\/","logo":{"@type":"ImageObject","inLanguage":"fr-FR","@id":"https:\/\/mgvrac.ca\/#\/schema\/logo\/image\/","url":"https:\/\/mgvrac.ca\/wp-content\/uploads\/2023\/09\/Magasin-General-et-Vrac-8.png","contentUrl":"https:\/\/mgvrac.ca\/wp-content\/uploads\/2023\/09\/Magasin-General-et-Vrac-8.png","width":1024,"height":1024,"caption":"Magasin G\u00e9n\u00e9ral Vrac &amp; Compagnie"},"image":{"@id":"https:\/\/mgvrac.ca\/#\/schema\/logo\/image\/"},"sameAs":["https:\/\/www.facebook.com\/MGvracetcompagnie?locale=fr_CA"]}]}},"_links":{"self":[{"href":"https:\/\/mgvrac.ca\/index.php\/wp-json\/wp\/v2\/pages\/350","targetHints":{"allow":["GET"]}}],"collection":[{"href":"https:\/\/mgvrac.ca\/index.php\/wp-json\/wp\/v2\/pages"}],"about":[{"href":"https:\/\/mgvrac.ca\/index.php\/wp-json\/wp\/v2\/types\/page"}],"author":[{"embeddable":true,"href":"https:\/\/mgvrac.ca\/index.php\/wp-json\/wp\/v2\/users\/1"}],"replies":[{"embeddable":true,"href":"https:\/\/mgvrac.ca\/index.php\/wp-json\/wp\/v2\/comments?post=350"}],"version-history":[{"count":22,"href":"https:\/\/mgvrac.ca\/index.php\/wp-json\/wp\/v2\/pages\/350\/revisions"}],"predecessor-version":[{"id":634,"href":"https:\/\/mgvrac.ca\/index.php\/wp-json\/wp\/v2\/pages\/350\/revisions\/634"}],"wp:attachment":[{"href":"https:\/\/mgvrac.ca\/index.php\/wp-json\/wp\/v2\/media?parent=350"}],"curies":[{"name":"wp","href":"https:\/\/api.w.org\/{rel}","templated":true}]}}