{"id":207,"date":"2023-09-17T07:04:43","date_gmt":"2023-09-17T05:04:43","guid":{"rendered":"https:\/\/prod3007.online\/index.php\/home\/"},"modified":"2025-12-20T21:43:04","modified_gmt":"2025-12-21T02:43:04","slug":"accueil","status":"publish","type":"page","link":"https:\/\/mgvrac.ca\/","title":{"rendered":"Accueil"},"content":{"rendered":"<h1>Nous vous offrons toujours<\/h1>\n<h1>\n\t\t\t\t\tdes<br \/>\n\t\t\t\tcaf\u00e9s<br \/>\n\t\t\t\tnoix<br \/>\n\t\t\t\tfruits<br \/>\n\t\t\t\tHuiles<br \/>\n\t\t\t\t\u00e9pices<br \/>\n\t\t\t\t\tde qualit\u00e9<br \/>\n\t\t\t\t\t<\/h1>\n<p>\t\t\t\t\t<a role=\"button\"><br \/>\n\t\t\t\t\t\t\t\t\tVoir le menu<br \/>\n\t\t\t\t\t<\/a><br \/>\n\t\t\t\t\t<a role=\"button\"><br \/>\n\t\t\t\t\t\t\t\t\ten savoir plus<br \/>\n\t\t\t\t\t<\/a><br \/>\n\t\t\t\t\t\t\t\t\t\t\t\t\t\t\t<img fetchpriority=\"high\" decoding=\"async\" width=\"300\" height=\"300\" src=\"https:\/\/mgvrac.ca\/wp-content\/uploads\/2023\/09\/Groceries_Mushroom-300x300.png\" alt=\"\" srcset=\"https:\/\/mgvrac.ca\/wp-content\/uploads\/2023\/09\/Groceries_Mushroom-300x300.png 300w, https:\/\/mgvrac.ca\/wp-content\/uploads\/2023\/09\/Groceries_Mushroom-1024x1024.png 1024w, https:\/\/mgvrac.ca\/wp-content\/uploads\/2023\/09\/Groceries_Mushroom-150x150.png 150w, https:\/\/mgvrac.ca\/wp-content\/uploads\/2023\/09\/Groceries_Mushroom-768x768.png 768w, https:\/\/mgvrac.ca\/wp-content\/uploads\/2023\/09\/Groceries_Mushroom-1536x1536.png 1536w, https:\/\/mgvrac.ca\/wp-content\/uploads\/2023\/09\/Groceries_Mushroom-2048x2048.png 2048w, https:\/\/mgvrac.ca\/wp-content\/uploads\/2023\/09\/Groceries_Mushroom-600x600.png 600w, https:\/\/mgvrac.ca\/wp-content\/uploads\/2023\/09\/Groceries_Mushroom-100x100.png 100w\" sizes=\"(max-width: 300px) 100vw, 300px\" \/>\t\t\t\t\t\t\t\t\t\t\t\t\t\t\t<\/p>\n<h2>Nos produits<\/h2>\n<figure><a href=\"#\" tabindex=\"-1\"><img decoding=\"async\" width=\"192\" height=\"192\" src=\"https:\/\/mgvrac.ca\/wp-content\/uploads\/2023\/09\/Page-9@4x.png\" alt=\"\" \/><\/a><\/figure>\n<h3><a href=\"#\">L\u00e9gumes <\/a><\/h3>\n<p>Nos l\u00e9gumes viennent de fournisseurs Qu\u00e9b\u00e9cois<\/p>\n<figure><a href=\"#\" tabindex=\"-1\"><img decoding=\"async\" width=\"1024\" height=\"1024\" src=\"https:\/\/mgvrac.ca\/wp-content\/uploads\/2023\/09\/Copie-de-Magasin-General-et-Vrac.png\" alt=\"\" \/><\/a><\/figure>\n<h3><a href=\"#\">Caf\u00e9<\/a><\/h3>\n<p>Nos grains de caf\u00e9 sont cultiv\u00e9s durablement<\/p>\n<figure><a href=\"#\" tabindex=\"-1\"><img loading=\"lazy\" decoding=\"async\" width=\"768\" height=\"768\" src=\"https:\/\/mgvrac.ca\/wp-content\/uploads\/2023\/09\/Copie-de-IMG5-MGVRAC-2.png\" alt=\"\" \/><\/a><\/figure>\n<h3><a href=\"#\">VRac<\/a><\/h3>\n<p>Apportez vos contenants r\u00e9utilisables propres ou utilisez les n\u00f4tres<\/p>\n<figure><a href=\"#\" tabindex=\"-1\"><img loading=\"lazy\" decoding=\"async\" width=\"1024\" height=\"1024\" src=\"https:\/\/mgvrac.ca\/wp-content\/uploads\/2023\/09\/Copie-de-Copie-de-IMG5-MGVRAC-1.png\" alt=\"\" \/><\/a><\/figure>\n<h3><a href=\"#\">Aliments<\/a><\/h3>\n<p>Grande vari\u00e9t\u00e9 de produits eco-responsables<\/p>\n<figure><a href=\"#\" tabindex=\"-1\"><img loading=\"lazy\" decoding=\"async\" width=\"192\" height=\"192\" src=\"https:\/\/mgvrac.ca\/wp-content\/uploads\/2023\/09\/Page-4@4x.png\" alt=\"\" \/><\/a><\/figure>\n<h3><a href=\"#\">Produits laitiers<\/a><\/h3>\n<p>Produits laitiers biologiques <\/p>\n<p>\t\t\t\t\t\t\t\t\t\t\t\t\t\t\t<img loading=\"lazy\" decoding=\"async\" width=\"300\" height=\"300\" src=\"https:\/\/mgvrac.ca\/wp-content\/uploads\/2023\/09\/Groceries_Chili-300x300.png\" alt=\"\" srcset=\"https:\/\/mgvrac.ca\/wp-content\/uploads\/2023\/09\/Groceries_Chili-300x300.png 300w, https:\/\/mgvrac.ca\/wp-content\/uploads\/2023\/09\/Groceries_Chili-1024x1024.png 1024w, https:\/\/mgvrac.ca\/wp-content\/uploads\/2023\/09\/Groceries_Chili-150x150.png 150w, https:\/\/mgvrac.ca\/wp-content\/uploads\/2023\/09\/Groceries_Chili-768x768.png 768w, https:\/\/mgvrac.ca\/wp-content\/uploads\/2023\/09\/Groceries_Chili-1536x1536.png 1536w, https:\/\/mgvrac.ca\/wp-content\/uploads\/2023\/09\/Groceries_Chili-2048x2048.png 2048w, https:\/\/mgvrac.ca\/wp-content\/uploads\/2023\/09\/Groceries_Chili-600x600.png 600w, https:\/\/mgvrac.ca\/wp-content\/uploads\/2023\/09\/Groceries_Chili-100x100.png 100w\" sizes=\"(max-width: 300px) 100vw, 300px\" \/>\t\t\t\t\t\t\t\t\t\t\t\t\t\t\t<\/p>\n<h2>Sp\u00e9ciaux<\/h2>\n<p>\t\t\t\t\t\t\t\t\t\t\t\t\t\t\t<img loading=\"lazy\" decoding=\"async\" width=\"800\" height=\"800\" src=\"https:\/\/mgvrac.ca\/wp-content\/uploads\/2023\/09\/Copie-de-Magasin-General-et-Vrac-1.png\" alt=\"\" srcset=\"https:\/\/mgvrac.ca\/wp-content\/uploads\/2023\/09\/Copie-de-Magasin-General-et-Vrac-1.png 1024w, https:\/\/mgvrac.ca\/wp-content\/uploads\/2023\/09\/Copie-de-Magasin-General-et-Vrac-1-300x300.png 300w, https:\/\/mgvrac.ca\/wp-content\/uploads\/2023\/09\/Copie-de-Magasin-General-et-Vrac-1-150x150.png 150w, https:\/\/mgvrac.ca\/wp-content\/uploads\/2023\/09\/Copie-de-Magasin-General-et-Vrac-1-768x768.png 768w, https:\/\/mgvrac.ca\/wp-content\/uploads\/2023\/09\/Copie-de-Magasin-General-et-Vrac-1-600x600.png 600w, https:\/\/mgvrac.ca\/wp-content\/uploads\/2023\/09\/Copie-de-Magasin-General-et-Vrac-1-100x100.png 100w\" sizes=\"(max-width: 800px) 100vw, 800px\" \/><br \/>\n\t\t\t\t\t<s>$8.5<\/s><\/p>\n<p>$6.8<\/p>\n<h2>Caf\u00e9 colombien<\/h2>\n<p>\t\t\t\t\t\t\t\t\t\t\t\t\t\t\t<img loading=\"lazy\" decoding=\"async\" width=\"800\" height=\"800\" src=\"https:\/\/mgvrac.ca\/wp-content\/uploads\/2023\/09\/Tomato.H03.2k.png\" alt=\"\" srcset=\"https:\/\/mgvrac.ca\/wp-content\/uploads\/2023\/09\/Tomato.H03.2k.png 1000w, https:\/\/mgvrac.ca\/wp-content\/uploads\/2023\/09\/Tomato.H03.2k-300x300.png 300w, https:\/\/mgvrac.ca\/wp-content\/uploads\/2023\/09\/Tomato.H03.2k-150x150.png 150w, https:\/\/mgvrac.ca\/wp-content\/uploads\/2023\/09\/Tomato.H03.2k-768x768.png 768w, https:\/\/mgvrac.ca\/wp-content\/uploads\/2023\/09\/Tomato.H03.2k-600x600.png 600w, https:\/\/mgvrac.ca\/wp-content\/uploads\/2023\/09\/Tomato.H03.2k-100x100.png 100w\" sizes=\"(max-width: 800px) 100vw, 800px\" \/><br \/>\n\t\t\t\t\t<s>3.50$<\/s><\/p>\n<p>2.50$<\/p>\n<h2>Tomate<\/h2>\n<p>\t\t\t\t\t\t\t\t\t\t\t\t\t\t\t<img loading=\"lazy\" decoding=\"async\" width=\"800\" height=\"800\" src=\"https:\/\/mgvrac.ca\/wp-content\/uploads\/2023\/09\/Napa-Cabbage.H03.2k.png\" alt=\"\" srcset=\"https:\/\/mgvrac.ca\/wp-content\/uploads\/2023\/09\/Napa-Cabbage.H03.2k.png 1000w, https:\/\/mgvrac.ca\/wp-content\/uploads\/2023\/09\/Napa-Cabbage.H03.2k-300x300.png 300w, https:\/\/mgvrac.ca\/wp-content\/uploads\/2023\/09\/Napa-Cabbage.H03.2k-150x150.png 150w, https:\/\/mgvrac.ca\/wp-content\/uploads\/2023\/09\/Napa-Cabbage.H03.2k-768x768.png 768w, https:\/\/mgvrac.ca\/wp-content\/uploads\/2023\/09\/Napa-Cabbage.H03.2k-600x600.png 600w, https:\/\/mgvrac.ca\/wp-content\/uploads\/2023\/09\/Napa-Cabbage.H03.2k-100x100.png 100w\" sizes=\"(max-width: 800px) 100vw, 800px\" \/><br \/>\n\t\t\t\t\t<s>2.30$<\/s><\/p>\n<p>$1<\/p>\n<h2>Choux<\/h2>\n<p>\t\t\t\t\t\t\t\t\t\t\t\t\t\t\t<img loading=\"lazy\" decoding=\"async\" width=\"800\" height=\"800\" src=\"https:\/\/mgvrac.ca\/wp-content\/uploads\/2023\/09\/Eggs-Brown-in-Box.H03.2k-2.png\" alt=\"\" srcset=\"https:\/\/mgvrac.ca\/wp-content\/uploads\/2023\/09\/Eggs-Brown-in-Box.H03.2k-2.png 1000w, https:\/\/mgvrac.ca\/wp-content\/uploads\/2023\/09\/Eggs-Brown-in-Box.H03.2k-2-300x300.png 300w, https:\/\/mgvrac.ca\/wp-content\/uploads\/2023\/09\/Eggs-Brown-in-Box.H03.2k-2-150x150.png 150w, https:\/\/mgvrac.ca\/wp-content\/uploads\/2023\/09\/Eggs-Brown-in-Box.H03.2k-2-768x768.png 768w, https:\/\/mgvrac.ca\/wp-content\/uploads\/2023\/09\/Eggs-Brown-in-Box.H03.2k-2-600x600.png 600w, https:\/\/mgvrac.ca\/wp-content\/uploads\/2023\/09\/Eggs-Brown-in-Box.H03.2k-2-100x100.png 100w\" sizes=\"(max-width: 800px) 100vw, 800px\" \/><br \/>\n\t\t\t\t\t<s>$2.7<\/s><\/p>\n<p>$2<\/p>\n<h2>Oeufs<\/h2>\n<p>\t\t\t\t\t\t\t\t\t\t\t\t\t\t\t<img loading=\"lazy\" decoding=\"async\" width=\"150\" height=\"150\" src=\"https:\/\/mgvrac.ca\/wp-content\/uploads\/2023\/09\/Groceries_Banana-150x150.png\" alt=\"\" srcset=\"https:\/\/mgvrac.ca\/wp-content\/uploads\/2023\/09\/Groceries_Banana-150x150.png 150w, https:\/\/mgvrac.ca\/wp-content\/uploads\/2023\/09\/Groceries_Banana-300x300.png 300w, https:\/\/mgvrac.ca\/wp-content\/uploads\/2023\/09\/Groceries_Banana-1024x1024.png 1024w, https:\/\/mgvrac.ca\/wp-content\/uploads\/2023\/09\/Groceries_Banana-768x768.png 768w, https:\/\/mgvrac.ca\/wp-content\/uploads\/2023\/09\/Groceries_Banana-1536x1536.png 1536w, https:\/\/mgvrac.ca\/wp-content\/uploads\/2023\/09\/Groceries_Banana-2048x2048.png 2048w, https:\/\/mgvrac.ca\/wp-content\/uploads\/2023\/09\/Groceries_Banana-600x600.png 600w, https:\/\/mgvrac.ca\/wp-content\/uploads\/2023\/09\/Groceries_Banana-100x100.png 100w\" sizes=\"(max-width: 150px) 100vw, 150px\" \/>\t\t\t\t\t\t\t\t\t\t\t\t\t\t\t<\/p>\n<h2>Populaire<\/h2>\n<h2>\n\t\t\t\t\t\tVari\u00e9t\u00e9 de caf\u00e9\t\t\t\t\t<\/h2>\n<h2>\n\t\t\t\t\t\tVari\u00e9t\u00e9 d&rsquo;\u00e9pices\t\t\t\t\t<\/h2>\n<h2>\n\t\t\t\t\t\tAliments en VRac\t\t\t\t\t<\/h2>\n<h2>\n\t\t\t\t\t\tViandes surgel\u00e9s\t\t\t\t\t<\/h2>\n<p>\t\t\t\t\t\t\t\t\t\t\t\t\t\t\t<img loading=\"lazy\" decoding=\"async\" width=\"44\" height=\"41\" src=\"https:\/\/mgvrac.ca\/wp-content\/uploads\/2023\/09\/scissors.png\" alt=\"\" \/><br \/>\n\t\t\t\t\t\t\t\t\t\t\t\t\t\t\t<img loading=\"lazy\" decoding=\"async\" width=\"800\" height=\"800\" src=\"https:\/\/mgvrac.ca\/wp-content\/uploads\/2023\/09\/Copie-de-Magasin-General-et-Vrac-1.png\" alt=\"\" srcset=\"https:\/\/mgvrac.ca\/wp-content\/uploads\/2023\/09\/Copie-de-Magasin-General-et-Vrac-1.png 1024w, https:\/\/mgvrac.ca\/wp-content\/uploads\/2023\/09\/Copie-de-Magasin-General-et-Vrac-1-300x300.png 300w, https:\/\/mgvrac.ca\/wp-content\/uploads\/2023\/09\/Copie-de-Magasin-General-et-Vrac-1-150x150.png 150w, https:\/\/mgvrac.ca\/wp-content\/uploads\/2023\/09\/Copie-de-Magasin-General-et-Vrac-1-768x768.png 768w, https:\/\/mgvrac.ca\/wp-content\/uploads\/2023\/09\/Copie-de-Magasin-General-et-Vrac-1-600x600.png 600w, https:\/\/mgvrac.ca\/wp-content\/uploads\/2023\/09\/Copie-de-Magasin-General-et-Vrac-1-100x100.png 100w\" sizes=\"(max-width: 800px) 100vw, 800px\" \/>\t\t\t\t\t\t\t\t\t\t\t\t\t\t\t<\/p>\n<h2>\u00c9pargnez 20%<\/h2>\n<p>\t\t\t\t\tCaf\u00e9 colombien\t\t\t\t<\/p>\n<p>\u00c0 l&rsquo;achat de 300g<\/p>\n<p>Valide jusqu&rsquo;au 20 septembre<\/p>\n<p>\t\t\t\t\t\t\t\t\t\t\t\t\t\t\t<img loading=\"lazy\" decoding=\"async\" width=\"44\" height=\"41\" src=\"https:\/\/mgvrac.ca\/wp-content\/uploads\/2023\/09\/scissors.png\" alt=\"\" \/><br \/>\n\t\t\t\t\t\t\t\t\t\t\t\t\t\t\t<img loading=\"lazy\" decoding=\"async\" width=\"800\" height=\"800\" src=\"https:\/\/mgvrac.ca\/wp-content\/uploads\/2023\/09\/bread-PRJKZM3.png\" alt=\"\" srcset=\"https:\/\/mgvrac.ca\/wp-content\/uploads\/2023\/09\/bread-PRJKZM3.png 1000w, https:\/\/mgvrac.ca\/wp-content\/uploads\/2023\/09\/bread-PRJKZM3-300x300.png 300w, https:\/\/mgvrac.ca\/wp-content\/uploads\/2023\/09\/bread-PRJKZM3-150x150.png 150w, https:\/\/mgvrac.ca\/wp-content\/uploads\/2023\/09\/bread-PRJKZM3-768x768.png 768w, https:\/\/mgvrac.ca\/wp-content\/uploads\/2023\/09\/bread-PRJKZM3-600x600.png 600w, https:\/\/mgvrac.ca\/wp-content\/uploads\/2023\/09\/bread-PRJKZM3-100x100.png 100w\" sizes=\"(max-width: 800px) 100vw, 800px\" \/>\t\t\t\t\t\t\t\t\t\t\t\t\t\t\t<\/p>\n<h2>\u00c9pargnez 34%<\/h2>\n<p>\t\t\t\t\tPain\t\t\t\t<\/p>\n<p>\u00c0 l&rsquo;achat de 300g<\/p>\n<p>Valide jusqu&rsquo;au 20 septembre<\/p>\n<h2>Fournisseurs<\/h2>\n<p>\t\t\t\t\t\t\t\t\t\t\t\t\t\t\t<img loading=\"lazy\" decoding=\"async\" width=\"150\" height=\"150\" src=\"https:\/\/mgvrac.ca\/wp-content\/uploads\/2023\/09\/Groceries_Bread-150x150.png\" alt=\"\" srcset=\"https:\/\/mgvrac.ca\/wp-content\/uploads\/2023\/09\/Groceries_Bread-150x150.png 150w, https:\/\/mgvrac.ca\/wp-content\/uploads\/2023\/09\/Groceries_Bread-300x300.png 300w, https:\/\/mgvrac.ca\/wp-content\/uploads\/2023\/09\/Groceries_Bread-1024x1024.png 1024w, https:\/\/mgvrac.ca\/wp-content\/uploads\/2023\/09\/Groceries_Bread-768x768.png 768w, https:\/\/mgvrac.ca\/wp-content\/uploads\/2023\/09\/Groceries_Bread-1536x1536.png 1536w, https:\/\/mgvrac.ca\/wp-content\/uploads\/2023\/09\/Groceries_Bread-2048x2048.png 2048w, https:\/\/mgvrac.ca\/wp-content\/uploads\/2023\/09\/Groceries_Bread-600x600.png 600w, https:\/\/mgvrac.ca\/wp-content\/uploads\/2023\/09\/Groceries_Bread-100x100.png 100w\" sizes=\"(max-width: 150px) 100vw, 150px\" \/><br \/>\n\t\t\t\t\tT\u00e9moignages\t\t\t\t<\/p>\n<h2>Nos clients<\/h2>\n<p>\t\t\t\t\t\t\u00abJ&rsquo;adore les produits en vrac PURE! J&rsquo;ai essay\u00e9 leur d\u00e9tachant et quelle surprise! Regardez par vous-m\u00eame les chandails de mon conjoint! Apr\u00e8s plusieurs lavages, les taches y \u00e9taient toujours, mais seulement apr\u00e8s un essai avec le d\u00e9tachant PURE et de l&rsquo;huile de bras, voil\u00e0 le r\u00e9sultat! Le personnel du magasin est comp\u00e9tent, serviable et \u00e0 l&rsquo;\u00e9coute! J&rsquo;y retournerai, c&rsquo;est certain! Pr\u00e9voir une bouteille spray vide pour la remplir du d\u00e9tachant!\u00bb<br \/>\n\t\t\t\t\t\t\t\t<cite>Isabelle.D<\/cite><br \/>\n\t\t\t\t\t\t\u00abCharmante boutique que je viens de d\u00e9couvrir! Produits frais, \u00e9co-responsable et une belle vari\u00e9t\u00e9 d&rsquo;ici. Remplissage en vrac et produits fins! Farines, savons, l\u00e9gumineuses, poissons, oeufs, bi\u00e8res, tisanes, dentifrices, noix, p\u00e2tes ! Miam que de saveurs et de qualit\u00e9\u00bb<br \/>\n\t\t\t\t\t\t\t\t<cite>Roxanne.V<\/cite><br \/>\n\t\t\t\t\t\t\u00abPropri\u00e9taires tr\u00e8s sympatiques et magasin propre. J&rsquo;y vais souvent. Revient parfois moins cher que d&rsquo;aller dans une grande \u00e9picerie (exemple: quand seulement une petite quantit\u00e9 d&rsquo;\u00e9pices ou d&rsquo;un autre ingr\u00e9dient est n\u00e9cessaire pour une recette). Bien utile \u00e9galement pour acheter des cadeaux comestibles faits par des compagnies locales. Une section du magasin est r\u00e9serv\u00e9e pour les gens intol\u00e9rants au gluten. Il y a m\u00eame de la nourriture pour chiens et chats faite par une compagnie locale.\u00bb<br \/>\n\t\t\t\t\t\t\t\t<cite>EM<\/cite>\t\t\t<\/p>\n<figure><img loading=\"lazy\" decoding=\"async\" width=\"201\" height=\"200\" src=\"https:\/\/mgvrac.ca\/wp-content\/uploads\/2023\/09\/Employment.png\" alt=\"\" \/><\/figure>\n<h3>Service \u00e0 la client\u00e8le<\/h3>\n<p>Nous nous effor\u00e7ons de donner le meilleur service \u00e0 la client\u00e8le possible<\/p>\n<figure><img loading=\"lazy\" decoding=\"async\" width=\"200\" height=\"201\" src=\"https:\/\/mgvrac.ca\/wp-content\/uploads\/2023\/09\/Time.png\" alt=\"\" \/><\/figure>\n<h3>heures d&rsquo;ouverture<\/h3>\n<p>Dimanche  9h \u00e0 18h<br \/>\nLundi 9h \u00e0 18h<br \/>\nMardi 9h \u00e0 18h<br \/>\nMercredi 9h \u00e0 18h<br \/>\nJeudi  9h \u00e0 18h<br \/>\nVendredi 9h \u00e0 18h<br \/>\nSamedi 9h \u00e0 18h\n<\/p>\n<figure><img loading=\"lazy\" decoding=\"async\" width=\"201\" height=\"201\" src=\"https:\/\/mgvrac.ca\/wp-content\/uploads\/2023\/09\/Shopping-Bag.png\" alt=\"\" \/><\/figure>\n<h3>Rabais<\/h3>\n<p>Venez voir les rabais en magasin!<\/p>\n<p>\t\t\t\t\t\t\t\t\t\t\t\t\t\t\t<img loading=\"lazy\" decoding=\"async\" width=\"800\" height=\"451\" src=\"https:\/\/mgvrac.ca\/wp-content\/uploads\/2023\/12\/Design-sans-titre-3-1024x577.png\" alt=\"\" srcset=\"https:\/\/mgvrac.ca\/wp-content\/uploads\/2023\/12\/Design-sans-titre-3-1024x577.png 1024w, https:\/\/mgvrac.ca\/wp-content\/uploads\/2023\/12\/Design-sans-titre-3-300x169.png 300w, https:\/\/mgvrac.ca\/wp-content\/uploads\/2023\/12\/Design-sans-titre-3-768x433.png 768w, https:\/\/mgvrac.ca\/wp-content\/uploads\/2023\/12\/Design-sans-titre-3-1536x865.png 1536w, https:\/\/mgvrac.ca\/wp-content\/uploads\/2023\/12\/Design-sans-titre-3.png 1640w\" sizes=\"(max-width: 800px) 100vw, 800px\" \/><\/p>\n","protected":false},"excerpt":{"rendered":"<p>Nous vous offrons toujours des caf\u00e9s noix fruits Huiles \u00e9pices de qualit\u00e9 Voir le menu en savoir plus Nos produits L\u00e9gumes Nos l\u00e9gumes viennent de fournisseurs Qu\u00e9b\u00e9cois Caf\u00e9 Nos grains de caf\u00e9 sont cultiv\u00e9s durablement VRac Apportez vos contenants r\u00e9utilisables propres ou utilisez les n\u00f4tres Aliments Grande vari\u00e9t\u00e9 de produits eco-responsables Produits laitiers Produits laitiers [&hellip;]<\/p>\n","protected":false},"author":1,"featured_media":0,"parent":0,"menu_order":0,"comment_status":"closed","ping_status":"closed","template":"","meta":{"footnotes":""},"class_list":["post-207","page","type-page","status-publish","hentry"],"yoast_head":"<!-- This site is optimized with the Yoast SEO plugin v26.8 - https:\/\/yoast.com\/product\/yoast-seo-wordpress\/ -->\n<title>Accueil - Magasin G\u00e9n\u00e9ral Vrac &amp; Compagnie<\/title>\n<meta name=\"robots\" content=\"index, follow, max-snippet:-1, max-image-preview:large, max-video-preview:-1\" \/>\n<link rel=\"canonical\" href=\"https:\/\/mgvrac.ca\/\" \/>\n<meta property=\"og:locale\" content=\"fr_FR\" \/>\n<meta property=\"og:type\" content=\"article\" \/>\n<meta property=\"og:title\" content=\"Accueil - Magasin G\u00e9n\u00e9ral Vrac &amp; Compagnie\" \/>\n<meta property=\"og:description\" content=\"Nous vous offrons toujours des caf\u00e9s noix fruits Huiles \u00e9pices de qualit\u00e9 Voir le menu en savoir plus Nos produits L\u00e9gumes Nos l\u00e9gumes viennent de fournisseurs Qu\u00e9b\u00e9cois Caf\u00e9 Nos grains de caf\u00e9 sont cultiv\u00e9s durablement VRac Apportez vos contenants r\u00e9utilisables propres ou utilisez les n\u00f4tres Aliments Grande vari\u00e9t\u00e9 de produits eco-responsables Produits laitiers Produits laitiers [&hellip;]\" \/>\n<meta property=\"og:url\" content=\"https:\/\/mgvrac.ca\/\" \/>\n<meta property=\"og:site_name\" content=\"Magasin G\u00e9n\u00e9ral Vrac &amp; Compagnie\" \/>\n<meta property=\"article:publisher\" content=\"https:\/\/www.facebook.com\/MGvracetcompagnie?locale=fr_CA\" \/>\n<meta property=\"article:modified_time\" content=\"2025-12-21T02:43:04+00:00\" \/>\n<meta property=\"og:image\" content=\"https:\/\/mgvrac.ca\/wp-content\/uploads\/2023\/09\/Groceries_Mushroom-300x300.png\" \/>\n<meta name=\"twitter:card\" content=\"summary_large_image\" \/>\n<meta name=\"twitter:label1\" content=\"Dur\u00e9e de lecture estim\u00e9e\" \/>\n\t<meta name=\"twitter:data1\" content=\"6 minutes\" \/>\n<script type=\"application\/ld+json\" class=\"yoast-schema-graph\">{\"@context\":\"https:\/\/schema.org\",\"@graph\":[{\"@type\":\"WebPage\",\"@id\":\"https:\/\/mgvrac.ca\/\",\"url\":\"https:\/\/mgvrac.ca\/\",\"name\":\"Accueil - Magasin G\u00e9n\u00e9ral Vrac &amp; Compagnie\",\"isPartOf\":{\"@id\":\"https:\/\/mgvrac.ca\/#website\"},\"primaryImageOfPage\":{\"@id\":\"https:\/\/mgvrac.ca\/#primaryimage\"},\"image\":{\"@id\":\"https:\/\/mgvrac.ca\/#primaryimage\"},\"thumbnailUrl\":\"https:\/\/mgvrac.ca\/wp-content\/uploads\/2023\/09\/Groceries_Mushroom-300x300.png\",\"datePublished\":\"2023-09-17T05:04:43+00:00\",\"dateModified\":\"2025-12-21T02:43:04+00:00\",\"breadcrumb\":{\"@id\":\"https:\/\/mgvrac.ca\/#breadcrumb\"},\"inLanguage\":\"fr-FR\",\"potentialAction\":[{\"@type\":\"ReadAction\",\"target\":[\"https:\/\/mgvrac.ca\/\"]}]},{\"@type\":\"ImageObject\",\"inLanguage\":\"fr-FR\",\"@id\":\"https:\/\/mgvrac.ca\/#primaryimage\",\"url\":\"https:\/\/mgvrac.ca\/wp-content\/uploads\/2023\/09\/Groceries_Mushroom.png\",\"contentUrl\":\"https:\/\/mgvrac.ca\/wp-content\/uploads\/2023\/09\/Groceries_Mushroom.png\",\"width\":2501,\"height\":2501},{\"@type\":\"BreadcrumbList\",\"@id\":\"https:\/\/mgvrac.ca\/#breadcrumb\",\"itemListElement\":[{\"@type\":\"ListItem\",\"position\":1,\"name\":\"Accueil\",\"item\":\"https:\/\/mgvrac.ca\/\"},{\"@type\":\"ListItem\",\"position\":2,\"name\":\"Accueil\"}]},{\"@type\":\"WebSite\",\"@id\":\"https:\/\/mgvrac.ca\/#website\",\"url\":\"https:\/\/mgvrac.ca\/\",\"name\":\"Magasin G\u00e9n\u00e9ral Vrac &amp; Compagnie\",\"description\":\"Plus qu&#039;une \u00e9picerie une attitude\",\"publisher\":{\"@id\":\"https:\/\/mgvrac.ca\/#organization\"},\"potentialAction\":[{\"@type\":\"SearchAction\",\"target\":{\"@type\":\"EntryPoint\",\"urlTemplate\":\"https:\/\/mgvrac.ca\/?s={search_term_string}\"},\"query-input\":{\"@type\":\"PropertyValueSpecification\",\"valueRequired\":true,\"valueName\":\"search_term_string\"}}],\"inLanguage\":\"fr-FR\"},{\"@type\":\"Organization\",\"@id\":\"https:\/\/mgvrac.ca\/#organization\",\"name\":\"Magasin G\u00e9n\u00e9ral Vrac &amp; Compagnie\",\"url\":\"https:\/\/mgvrac.ca\/\",\"logo\":{\"@type\":\"ImageObject\",\"inLanguage\":\"fr-FR\",\"@id\":\"https:\/\/mgvrac.ca\/#\/schema\/logo\/image\/\",\"url\":\"https:\/\/mgvrac.ca\/wp-content\/uploads\/2023\/09\/Magasin-General-et-Vrac-8.png\",\"contentUrl\":\"https:\/\/mgvrac.ca\/wp-content\/uploads\/2023\/09\/Magasin-General-et-Vrac-8.png\",\"width\":1024,\"height\":1024,\"caption\":\"Magasin G\u00e9n\u00e9ral Vrac &amp; Compagnie\"},\"image\":{\"@id\":\"https:\/\/mgvrac.ca\/#\/schema\/logo\/image\/\"},\"sameAs\":[\"https:\/\/www.facebook.com\/MGvracetcompagnie?locale=fr_CA\"]}]}<\/script>\n<!-- \/ Yoast SEO plugin. -->","yoast_head_json":{"title":"Accueil - Magasin G\u00e9n\u00e9ral Vrac &amp; Compagnie","robots":{"index":"index","follow":"follow","max-snippet":"max-snippet:-1","max-image-preview":"max-image-preview:large","max-video-preview":"max-video-preview:-1"},"canonical":"https:\/\/mgvrac.ca\/","og_locale":"fr_FR","og_type":"article","og_title":"Accueil - Magasin G\u00e9n\u00e9ral Vrac &amp; Compagnie","og_description":"Nous vous offrons toujours des caf\u00e9s noix fruits Huiles \u00e9pices de qualit\u00e9 Voir le menu en savoir plus Nos produits L\u00e9gumes Nos l\u00e9gumes viennent de fournisseurs Qu\u00e9b\u00e9cois Caf\u00e9 Nos grains de caf\u00e9 sont cultiv\u00e9s durablement VRac Apportez vos contenants r\u00e9utilisables propres ou utilisez les n\u00f4tres Aliments Grande vari\u00e9t\u00e9 de produits eco-responsables Produits laitiers Produits laitiers [&hellip;]","og_url":"https:\/\/mgvrac.ca\/","og_site_name":"Magasin G\u00e9n\u00e9ral Vrac &amp; Compagnie","article_publisher":"https:\/\/www.facebook.com\/MGvracetcompagnie?locale=fr_CA","article_modified_time":"2025-12-21T02:43:04+00:00","og_image":[{"url":"https:\/\/mgvrac.ca\/wp-content\/uploads\/2023\/09\/Groceries_Mushroom-300x300.png","type":"","width":"","height":""}],"twitter_card":"summary_large_image","twitter_misc":{"Dur\u00e9e de lecture estim\u00e9e":"6 minutes"},"schema":{"@context":"https:\/\/schema.org","@graph":[{"@type":"WebPage","@id":"https:\/\/mgvrac.ca\/","url":"https:\/\/mgvrac.ca\/","name":"Accueil - Magasin G\u00e9n\u00e9ral Vrac &amp; Compagnie","isPartOf":{"@id":"https:\/\/mgvrac.ca\/#website"},"primaryImageOfPage":{"@id":"https:\/\/mgvrac.ca\/#primaryimage"},"image":{"@id":"https:\/\/mgvrac.ca\/#primaryimage"},"thumbnailUrl":"https:\/\/mgvrac.ca\/wp-content\/uploads\/2023\/09\/Groceries_Mushroom-300x300.png","datePublished":"2023-09-17T05:04:43+00:00","dateModified":"2025-12-21T02:43:04+00:00","breadcrumb":{"@id":"https:\/\/mgvrac.ca\/#breadcrumb"},"inLanguage":"fr-FR","potentialAction":[{"@type":"ReadAction","target":["https:\/\/mgvrac.ca\/"]}]},{"@type":"ImageObject","inLanguage":"fr-FR","@id":"https:\/\/mgvrac.ca\/#primaryimage","url":"https:\/\/mgvrac.ca\/wp-content\/uploads\/2023\/09\/Groceries_Mushroom.png","contentUrl":"https:\/\/mgvrac.ca\/wp-content\/uploads\/2023\/09\/Groceries_Mushroom.png","width":2501,"height":2501},{"@type":"BreadcrumbList","@id":"https:\/\/mgvrac.ca\/#breadcrumb","itemListElement":[{"@type":"ListItem","position":1,"name":"Accueil","item":"https:\/\/mgvrac.ca\/"},{"@type":"ListItem","position":2,"name":"Accueil"}]},{"@type":"WebSite","@id":"https:\/\/mgvrac.ca\/#website","url":"https:\/\/mgvrac.ca\/","name":"Magasin G\u00e9n\u00e9ral Vrac &amp; Compagnie","description":"Plus qu&#039;une \u00e9picerie une attitude","publisher":{"@id":"https:\/\/mgvrac.ca\/#organization"},"potentialAction":[{"@type":"SearchAction","target":{"@type":"EntryPoint","urlTemplate":"https:\/\/mgvrac.ca\/?s={search_term_string}"},"query-input":{"@type":"PropertyValueSpecification","valueRequired":true,"valueName":"search_term_string"}}],"inLanguage":"fr-FR"},{"@type":"Organization","@id":"https:\/\/mgvrac.ca\/#organization","name":"Magasin G\u00e9n\u00e9ral Vrac &amp; Compagnie","url":"https:\/\/mgvrac.ca\/","logo":{"@type":"ImageObject","inLanguage":"fr-FR","@id":"https:\/\/mgvrac.ca\/#\/schema\/logo\/image\/","url":"https:\/\/mgvrac.ca\/wp-content\/uploads\/2023\/09\/Magasin-General-et-Vrac-8.png","contentUrl":"https:\/\/mgvrac.ca\/wp-content\/uploads\/2023\/09\/Magasin-General-et-Vrac-8.png","width":1024,"height":1024,"caption":"Magasin G\u00e9n\u00e9ral Vrac &amp; Compagnie"},"image":{"@id":"https:\/\/mgvrac.ca\/#\/schema\/logo\/image\/"},"sameAs":["https:\/\/www.facebook.com\/MGvracetcompagnie?locale=fr_CA"]}]}},"_links":{"self":[{"href":"https:\/\/mgvrac.ca\/index.php\/wp-json\/wp\/v2\/pages\/207","targetHints":{"allow":["GET"]}}],"collection":[{"href":"https:\/\/mgvrac.ca\/index.php\/wp-json\/wp\/v2\/pages"}],"about":[{"href":"https:\/\/mgvrac.ca\/index.php\/wp-json\/wp\/v2\/types\/page"}],"author":[{"embeddable":true,"href":"https:\/\/mgvrac.ca\/index.php\/wp-json\/wp\/v2\/users\/1"}],"replies":[{"embeddable":true,"href":"https:\/\/mgvrac.ca\/index.php\/wp-json\/wp\/v2\/comments?post=207"}],"version-history":[{"count":161,"href":"https:\/\/mgvrac.ca\/index.php\/wp-json\/wp\/v2\/pages\/207\/revisions"}],"predecessor-version":[{"id":770,"href":"https:\/\/mgvrac.ca\/index.php\/wp-json\/wp\/v2\/pages\/207\/revisions\/770"}],"wp:attachment":[{"href":"https:\/\/mgvrac.ca\/index.php\/wp-json\/wp\/v2\/media?parent=207"}],"curies":[{"name":"wp","href":"https:\/\/api.w.org\/{rel}","templated":true}]}}