{"id":195,"date":"2023-09-17T07:04:43","date_gmt":"2023-09-17T05:04:43","guid":{"rendered":"https:\/\/prod3007.online\/index.php\/contact\/"},"modified":"2023-12-05T00:50:24","modified_gmt":"2023-12-04T23:50:24","slug":"contact","status":"publish","type":"page","link":"https:\/\/mgvrac.ca\/index.php\/contact\/","title":{"rendered":"Contact"},"content":{"rendered":"\t\t<div data-elementor-type=\"wp-page\" data-elementor-id=\"195\" class=\"elementor elementor-195\" data-elementor-post-type=\"page\">\n\t\t\t\t\t\t<section class=\"elementor-section elementor-top-section elementor-element elementor-element-21d18859 elementor-section-full_width elementor-section-height-default elementor-section-height-default\" data-id=\"21d18859\" data-element_type=\"section\" data-e-type=\"section\">\n\t\t\t\t\t\t<div class=\"elementor-container elementor-column-gap-wider\">\n\t\t\t\t\t<div class=\"elementor-column elementor-col-33 elementor-top-column elementor-element elementor-element-2d3e1da4\" data-id=\"2d3e1da4\" data-element_type=\"column\" data-e-type=\"column\">\n\t\t\t<div class=\"elementor-widget-wrap elementor-element-populated\">\n\t\t\t\t\t\t<div class=\"elementor-element elementor-element-2c6300de elementor-widget elementor-widget-google_maps\" data-id=\"2c6300de\" data-element_type=\"widget\" data-e-type=\"widget\" data-widget_type=\"google_maps.default\">\n\t\t\t\t<div class=\"elementor-widget-container\">\n\t\t\t\t\t\t\t<div class=\"elementor-custom-embed\">\n\t\t\t<iframe loading=\"lazy\"\n\t\t\t\t\tsrc=\"https:\/\/maps.google.com\/maps?q=405%20A%20rue%20Notre-Dame%2C%20Repntigny%2C%20QC%2C%20J6A%202T2&#038;t=m&#038;z=14&#038;output=embed&#038;iwloc=near\"\n\t\t\t\t\ttitle=\"405 A rue Notre-Dame, Repntigny, QC, J6A 2T2\"\n\t\t\t\t\taria-label=\"405 A rue Notre-Dame, Repntigny, QC, J6A 2T2\"\n\t\t\t><\/iframe>\n\t\t<\/div>\n\t\t\t\t\t\t<\/div>\n\t\t\t\t<\/div>\n\t\t\t\t\t<\/div>\n\t\t<\/div>\n\t\t\t\t<div class=\"elementor-column elementor-col-33 elementor-top-column elementor-element elementor-element-34ecc81f\" data-id=\"34ecc81f\" data-element_type=\"column\" data-e-type=\"column\">\n\t\t\t<div class=\"elementor-widget-wrap\">\n\t\t\t\t\t\t\t<\/div>\n\t\t<\/div>\n\t\t\t\t<div class=\"elementor-column elementor-col-33 elementor-top-column elementor-element elementor-element-3fda77cc\" data-id=\"3fda77cc\" data-element_type=\"column\" data-e-type=\"column\">\n\t\t\t<div class=\"elementor-widget-wrap elementor-element-populated\">\n\t\t\t\t\t\t<section class=\"elementor-section elementor-inner-section elementor-element elementor-element-39eca857 elementor-section-boxed elementor-section-height-default elementor-section-height-default\" data-id=\"39eca857\" data-element_type=\"section\" data-e-type=\"section\">\n\t\t\t\t\t\t<div class=\"elementor-container elementor-column-gap-no\">\n\t\t\t\t\t<div class=\"elementor-column elementor-col-100 elementor-inner-column elementor-element elementor-element-aa05c8d\" data-id=\"aa05c8d\" data-element_type=\"column\" data-e-type=\"column\">\n\t\t\t<div class=\"elementor-widget-wrap elementor-element-populated\">\n\t\t\t\t\t\t<div class=\"elementor-element elementor-element-28654d98 elementor-widget__width-initial elementor-widget elementor-widget-heading\" data-id=\"28654d98\" data-element_type=\"widget\" data-e-type=\"widget\" data-widget_type=\"heading.default\">\n\t\t\t\t<div class=\"elementor-widget-container\">\n\t\t\t\t\t<h2 class=\"elementor-heading-title elementor-size-default\">\u00c9crivez-nous!<\/h2>\t\t\t\t<\/div>\n\t\t\t\t<\/div>\n\t\t\t\t\t<\/div>\n\t\t<\/div>\n\t\t\t\t\t<\/div>\n\t\t<\/section>\n\t\t\t\t<section class=\"elementor-section elementor-inner-section elementor-element elementor-element-6f7ec99e elementor-section-boxed elementor-section-height-default elementor-section-height-default\" data-id=\"6f7ec99e\" data-element_type=\"section\" data-e-type=\"section\">\n\t\t\t\t\t\t<div class=\"elementor-container elementor-column-gap-no\">\n\t\t\t\t\t<div class=\"elementor-column elementor-col-100 elementor-inner-column elementor-element elementor-element-506fe6e\" data-id=\"506fe6e\" data-element_type=\"column\" data-e-type=\"column\">\n\t\t\t<div class=\"elementor-widget-wrap elementor-element-populated\">\n\t\t\t\t\t\t<div class=\"elementor-element elementor-element-550e3d55 elementor-widget__width-initial elementor-widget elementor-widget-text-editor\" data-id=\"550e3d55\" data-element_type=\"widget\" data-e-type=\"widget\" data-widget_type=\"text-editor.default\">\n\t\t\t\t<div class=\"elementor-widget-container\">\n\t\t\t\t\t\t\t\t\t<p>Vous avez des questions ou des demandes sp\u00e9ciales? N&rsquo;h\u00e9sitez pas et \u00e9crivez-nous ou appelez-nous au num\u00e9ro ci-dessous. Il nous fera plaisir de discuter avec vous pour r\u00e9pondre \u00e0 vos besoins!<\/p>\t\t\t\t\t\t\t\t<\/div>\n\t\t\t\t<\/div>\n\t\t\t\t<div class=\"elementor-element elementor-element-3bc49b1c elementor-widget__width-initial elementor-button-align-stretch elementor-widget elementor-widget-form\" data-id=\"3bc49b1c\" data-element_type=\"widget\" data-e-type=\"widget\" data-settings=\"{&quot;button_width&quot;:&quot;33&quot;,&quot;step_next_label&quot;:&quot;Next&quot;,&quot;step_previous_label&quot;:&quot;Previous&quot;,&quot;step_type&quot;:&quot;number_text&quot;,&quot;step_icon_shape&quot;:&quot;circle&quot;}\" data-widget_type=\"form.default\">\n\t\t\t\t<div class=\"elementor-widget-container\">\n\t\t\t\t\t\t\t<form class=\"elementor-form\" method=\"post\" name=\"New Form\" aria-label=\"New Form\">\n\t\t\t<input type=\"hidden\" name=\"post_id\" value=\"195\"\/>\n\t\t\t<input type=\"hidden\" name=\"form_id\" value=\"3bc49b1c\"\/>\n\t\t\t<input type=\"hidden\" name=\"referer_title\" value=\"Contact - Magasin G\u00e9n\u00e9ral Vrac &amp; Compagnie\" \/>\n\n\t\t\t\t\t\t\t<input type=\"hidden\" name=\"queried_id\" value=\"195\"\/>\n\t\t\t\n\t\t\t<div class=\"elementor-form-fields-wrapper elementor-labels-\">\n\t\t\t\t\t\t\t\t<div class=\"elementor-field-type-text elementor-field-group elementor-column elementor-field-group-name elementor-col-100\">\n\t\t\t\t\t\t\t\t\t\t\t\t<label for=\"form-field-name\" class=\"elementor-field-label elementor-screen-only\">\n\t\t\t\t\t\t\t\tNom\t\t\t\t\t\t\t<\/label>\n\t\t\t\t\t\t\t\t\t\t\t\t\t\t<input size=\"1\" type=\"text\" name=\"form_fields[name]\" id=\"form-field-name\" class=\"elementor-field elementor-size-sm  elementor-field-textual\" placeholder=\"Nom\">\n\t\t\t\t\t\t\t\t\t\t\t<\/div>\n\t\t\t\t\t\t\t\t<div class=\"elementor-field-type-email elementor-field-group elementor-column elementor-field-group-email elementor-col-100 elementor-field-required\">\n\t\t\t\t\t\t\t\t\t\t\t\t<label for=\"form-field-email\" class=\"elementor-field-label elementor-screen-only\">\n\t\t\t\t\t\t\t\tEmail\t\t\t\t\t\t\t<\/label>\n\t\t\t\t\t\t\t\t\t\t\t\t\t\t<input size=\"1\" type=\"email\" name=\"form_fields[email]\" id=\"form-field-email\" class=\"elementor-field elementor-size-sm  elementor-field-textual\" placeholder=\"Email\" required=\"required\">\n\t\t\t\t\t\t\t\t\t\t\t<\/div>\n\t\t\t\t\t\t\t\t<div class=\"elementor-field-type-textarea elementor-field-group elementor-column elementor-field-group-message elementor-col-100\">\n\t\t\t\t\t\t\t\t\t\t\t\t<label for=\"form-field-message\" class=\"elementor-field-label elementor-screen-only\">\n\t\t\t\t\t\t\t\tMessage\t\t\t\t\t\t\t<\/label>\n\t\t\t\t\t\t<textarea class=\"elementor-field-textual elementor-field  elementor-size-sm\" name=\"form_fields[message]\" id=\"form-field-message\" rows=\"4\" placeholder=\"Message\"><\/textarea>\t\t\t\t<\/div>\n\t\t\t\t\t\t\t\t<div class=\"elementor-field-group elementor-column elementor-field-type-submit elementor-col-33 e-form__buttons\">\n\t\t\t\t\t<button class=\"elementor-button elementor-size-sm\" type=\"submit\">\n\t\t\t\t\t\t<span class=\"elementor-button-content-wrapper\">\n\t\t\t\t\t\t\t\t\t\t\t\t\t\t\t\t\t\t\t\t\t\t<span class=\"elementor-button-text\">Envoyer<\/span>\n\t\t\t\t\t\t\t\t\t\t\t\t\t<\/span>\n\t\t\t\t\t<\/button>\n\t\t\t\t<\/div>\n\t\t\t<\/div>\n\t\t<\/form>\n\t\t\t\t\t\t<\/div>\n\t\t\t\t<\/div>\n\t\t\t\t\t<\/div>\n\t\t<\/div>\n\t\t\t\t\t<\/div>\n\t\t<\/section>\n\t\t\t\t<section class=\"elementor-section elementor-inner-section elementor-element elementor-element-548df4ea elementor-section-boxed elementor-section-height-default elementor-section-height-default\" data-id=\"548df4ea\" data-element_type=\"section\" data-e-type=\"section\">\n\t\t\t\t\t\t<div class=\"elementor-container elementor-column-gap-default\">\n\t\t\t\t\t<div class=\"elementor-column elementor-col-100 elementor-inner-column elementor-element elementor-element-7e50e1e9\" data-id=\"7e50e1e9\" data-element_type=\"column\" data-e-type=\"column\">\n\t\t\t<div class=\"elementor-widget-wrap elementor-element-populated\">\n\t\t\t\t\t\t<div class=\"elementor-element elementor-element-1960230c elementor-widget__width-initial elementor-widget elementor-widget-icon-box\" data-id=\"1960230c\" data-element_type=\"widget\" data-e-type=\"widget\" data-widget_type=\"icon-box.default\">\n\t\t\t\t<div class=\"elementor-widget-container\">\n\t\t\t\t\t\t\t<div class=\"elementor-icon-box-wrapper\">\n\n\t\t\t\n\t\t\t\t\t\t<div class=\"elementor-icon-box-content\">\n\n\t\t\t\t\t\t\t\t\t<h3 class=\"elementor-icon-box-title\">\n\t\t\t\t\t\t<a href=\"tel:4505827833\" >\n\t\t\t\t\t\t\tAppelez-nous\t\t\t\t\t\t<\/a>\n\t\t\t\t\t<\/h3>\n\t\t\t\t\n\t\t\t\t\t\t\t\t\t<p class=\"elementor-icon-box-description\">\n\t\t\t\t\t\t+1 (450) 582-7833\t\t\t\t\t<\/p>\n\t\t\t\t\n\t\t\t<\/div>\n\t\t\t\n\t\t<\/div>\n\t\t\t\t\t\t<\/div>\n\t\t\t\t<\/div>\n\t\t\t\t<div class=\"elementor-element elementor-element-19947528 elementor-widget__width-initial elementor-widget elementor-widget-icon-box\" data-id=\"19947528\" data-element_type=\"widget\" data-e-type=\"widget\" data-widget_type=\"icon-box.default\">\n\t\t\t\t<div class=\"elementor-widget-container\">\n\t\t\t\t\t\t\t<div class=\"elementor-icon-box-wrapper\">\n\n\t\t\t\n\t\t\t\t\t\t<div class=\"elementor-icon-box-content\">\n\n\t\t\t\t\t\t\t\t\t<h3 class=\"elementor-icon-box-title\">\n\t\t\t\t\t\t<span  >\n\t\t\t\t\t\t\tNotre emplacement\t\t\t\t\t\t<\/span>\n\t\t\t\t\t<\/h3>\n\t\t\t\t\n\t\t\t\t\t\t\t\t\t<p class=\"elementor-icon-box-description\">\n\t\t\t\t\t\t405 A rue Notre-Dame, Repntigny, QC, J6A 2T2\t\t\t\t\t<\/p>\n\t\t\t\t\n\t\t\t<\/div>\n\t\t\t\n\t\t<\/div>\n\t\t\t\t\t\t<\/div>\n\t\t\t\t<\/div>\n\t\t\t\t\t<\/div>\n\t\t<\/div>\n\t\t\t\t\t<\/div>\n\t\t<\/section>\n\t\t\t\t<section class=\"elementor-section elementor-inner-section elementor-element elementor-element-2924f653 elementor-section-boxed elementor-section-height-default elementor-section-height-default\" data-id=\"2924f653\" data-element_type=\"section\" data-e-type=\"section\">\n\t\t\t\t\t\t<div class=\"elementor-container elementor-column-gap-default\">\n\t\t\t\t\t<div class=\"elementor-column elementor-col-100 elementor-inner-column elementor-element elementor-element-6ef72a60\" data-id=\"6ef72a60\" data-element_type=\"column\" data-e-type=\"column\">\n\t\t\t<div class=\"elementor-widget-wrap elementor-element-populated\">\n\t\t\t\t\t\t<div class=\"elementor-element elementor-element-1b6a0355 elementor-widget__width-initial elementor-widget elementor-widget-icon-box\" data-id=\"1b6a0355\" data-element_type=\"widget\" data-e-type=\"widget\" data-widget_type=\"icon-box.default\">\n\t\t\t\t<div class=\"elementor-widget-container\">\n\t\t\t\t\t\t\t<div class=\"elementor-icon-box-wrapper\">\n\n\t\t\t\n\t\t\t\t\t\t<div class=\"elementor-icon-box-content\">\n\n\t\t\t\t\t\t\t\t\t<h3 class=\"elementor-icon-box-title\">\n\t\t\t\t\t\t<span  >\n\t\t\t\t\t\t\tHeures d'ouverture\t\t\t\t\t\t<\/span>\n\t\t\t\t\t<\/h3>\n\t\t\t\t\n\t\t\t\t\t\t\t\t\t<p class=\"elementor-icon-box-description\">\n\t\t\t\t\t\tLundi----------- Ferm\u00e9<br>Mardi--------- 10h \u00e0 18h<br>Mercredi------10h \u00e0 18h<br>Jeudi----------10h \u00e0 20h<br>Vendredi------10h \u00e0 18h<br>Samedi--------10h \u00e0 17h<br>Dimanche-------Ferm\u00e9\t\t\t\t\t<\/p>\n\t\t\t\t\n\t\t\t<\/div>\n\t\t\t\n\t\t<\/div>\n\t\t\t\t\t\t<\/div>\n\t\t\t\t<\/div>\n\t\t\t\t\t<\/div>\n\t\t<\/div>\n\t\t\t\t\t<\/div>\n\t\t<\/section>\n\t\t\t\t\t<\/div>\n\t\t<\/div>\n\t\t\t\t\t<\/div>\n\t\t<\/section>\n\t\t\t\t<\/div>\n\t\t","protected":false},"excerpt":{"rendered":"<p>\u00c9crivez-nous! Vous avez des questions ou des demandes sp\u00e9ciales? N&rsquo;h\u00e9sitez pas et \u00e9crivez-nous ou appelez-nous au num\u00e9ro ci-dessous. Il nous fera plaisir de discuter avec vous pour r\u00e9pondre \u00e0 vos besoins! Appelez-nous +1 (450) 582-7833 Notre emplacement 405 A rue Notre-Dame, Repntigny, QC, J6A 2T2 Heures d&rsquo;ouverture Lundi&#8212;&#8212;&#8212;&#8211; Ferm\u00e9Mardi&#8212;&#8212;&#8212; 10h \u00e0 18hMercredi&#8212;&#8212;10h \u00e0 18hJeudi&#8212;&#8212;&#8212;-10h \u00e0 [&hellip;]<\/p>\n","protected":false},"author":1,"featured_media":0,"parent":0,"menu_order":0,"comment_status":"closed","ping_status":"closed","template":"elementor_header_footer","meta":{"footnotes":""},"class_list":["post-195","page","type-page","status-publish","hentry"],"yoast_head":"<!-- This site is optimized with the Yoast SEO plugin v26.8 - https:\/\/yoast.com\/product\/yoast-seo-wordpress\/ -->\n<title>Contact - Magasin G\u00e9n\u00e9ral Vrac &amp; Compagnie<\/title>\n<meta name=\"robots\" content=\"index, follow, max-snippet:-1, max-image-preview:large, max-video-preview:-1\" \/>\n<link rel=\"canonical\" href=\"https:\/\/mgvrac.ca\/index.php\/contact\/\" \/>\n<meta property=\"og:locale\" content=\"fr_FR\" \/>\n<meta property=\"og:type\" content=\"article\" \/>\n<meta property=\"og:title\" content=\"Contact - Magasin G\u00e9n\u00e9ral Vrac &amp; Compagnie\" \/>\n<meta property=\"og:description\" content=\"\u00c9crivez-nous! Vous avez des questions ou des demandes sp\u00e9ciales? N&rsquo;h\u00e9sitez pas et \u00e9crivez-nous ou appelez-nous au num\u00e9ro ci-dessous. Il nous fera plaisir de discuter avec vous pour r\u00e9pondre \u00e0 vos besoins! Appelez-nous +1 (450) 582-7833 Notre emplacement 405 A rue Notre-Dame, Repntigny, QC, J6A 2T2 Heures d&rsquo;ouverture Lundi&#8212;&#8212;&#8212;&#8211; Ferm\u00e9Mardi&#8212;&#8212;&#8212; 10h \u00e0 18hMercredi&#8212;&#8212;10h \u00e0 18hJeudi&#8212;&#8212;&#8212;-10h \u00e0 [&hellip;]\" \/>\n<meta property=\"og:url\" content=\"https:\/\/mgvrac.ca\/index.php\/contact\/\" \/>\n<meta property=\"og:site_name\" content=\"Magasin G\u00e9n\u00e9ral Vrac &amp; Compagnie\" \/>\n<meta property=\"article:publisher\" content=\"https:\/\/www.facebook.com\/MGvracetcompagnie?locale=fr_CA\" \/>\n<meta property=\"article:modified_time\" content=\"2023-12-04T23:50:24+00:00\" \/>\n<meta name=\"twitter:card\" content=\"summary_large_image\" \/>\n<meta name=\"twitter:label1\" content=\"Dur\u00e9e de lecture estim\u00e9e\" \/>\n\t<meta name=\"twitter:data1\" content=\"1 minute\" \/>\n<script type=\"application\/ld+json\" class=\"yoast-schema-graph\">{\"@context\":\"https:\/\/schema.org\",\"@graph\":[{\"@type\":\"WebPage\",\"@id\":\"https:\/\/mgvrac.ca\/index.php\/contact\/\",\"url\":\"https:\/\/mgvrac.ca\/index.php\/contact\/\",\"name\":\"Contact - Magasin G\u00e9n\u00e9ral Vrac &amp; Compagnie\",\"isPartOf\":{\"@id\":\"https:\/\/mgvrac.ca\/#website\"},\"datePublished\":\"2023-09-17T05:04:43+00:00\",\"dateModified\":\"2023-12-04T23:50:24+00:00\",\"breadcrumb\":{\"@id\":\"https:\/\/mgvrac.ca\/index.php\/contact\/#breadcrumb\"},\"inLanguage\":\"fr-FR\",\"potentialAction\":[{\"@type\":\"ReadAction\",\"target\":[\"https:\/\/mgvrac.ca\/index.php\/contact\/\"]}]},{\"@type\":\"BreadcrumbList\",\"@id\":\"https:\/\/mgvrac.ca\/index.php\/contact\/#breadcrumb\",\"itemListElement\":[{\"@type\":\"ListItem\",\"position\":1,\"name\":\"Accueil\",\"item\":\"https:\/\/mgvrac.ca\/\"},{\"@type\":\"ListItem\",\"position\":2,\"name\":\"Contact\"}]},{\"@type\":\"WebSite\",\"@id\":\"https:\/\/mgvrac.ca\/#website\",\"url\":\"https:\/\/mgvrac.ca\/\",\"name\":\"Magasin G\u00e9n\u00e9ral Vrac &amp; Compagnie\",\"description\":\"Plus qu&#039;une \u00e9picerie une attitude\",\"publisher\":{\"@id\":\"https:\/\/mgvrac.ca\/#organization\"},\"potentialAction\":[{\"@type\":\"SearchAction\",\"target\":{\"@type\":\"EntryPoint\",\"urlTemplate\":\"https:\/\/mgvrac.ca\/?s={search_term_string}\"},\"query-input\":{\"@type\":\"PropertyValueSpecification\",\"valueRequired\":true,\"valueName\":\"search_term_string\"}}],\"inLanguage\":\"fr-FR\"},{\"@type\":\"Organization\",\"@id\":\"https:\/\/mgvrac.ca\/#organization\",\"name\":\"Magasin G\u00e9n\u00e9ral Vrac &amp; Compagnie\",\"url\":\"https:\/\/mgvrac.ca\/\",\"logo\":{\"@type\":\"ImageObject\",\"inLanguage\":\"fr-FR\",\"@id\":\"https:\/\/mgvrac.ca\/#\/schema\/logo\/image\/\",\"url\":\"https:\/\/mgvrac.ca\/wp-content\/uploads\/2023\/09\/Magasin-General-et-Vrac-8.png\",\"contentUrl\":\"https:\/\/mgvrac.ca\/wp-content\/uploads\/2023\/09\/Magasin-General-et-Vrac-8.png\",\"width\":1024,\"height\":1024,\"caption\":\"Magasin G\u00e9n\u00e9ral Vrac &amp; Compagnie\"},\"image\":{\"@id\":\"https:\/\/mgvrac.ca\/#\/schema\/logo\/image\/\"},\"sameAs\":[\"https:\/\/www.facebook.com\/MGvracetcompagnie?locale=fr_CA\"]}]}<\/script>\n<!-- \/ Yoast SEO plugin. -->","yoast_head_json":{"title":"Contact - Magasin G\u00e9n\u00e9ral Vrac &amp; Compagnie","robots":{"index":"index","follow":"follow","max-snippet":"max-snippet:-1","max-image-preview":"max-image-preview:large","max-video-preview":"max-video-preview:-1"},"canonical":"https:\/\/mgvrac.ca\/index.php\/contact\/","og_locale":"fr_FR","og_type":"article","og_title":"Contact - Magasin G\u00e9n\u00e9ral Vrac &amp; Compagnie","og_description":"\u00c9crivez-nous! Vous avez des questions ou des demandes sp\u00e9ciales? N&rsquo;h\u00e9sitez pas et \u00e9crivez-nous ou appelez-nous au num\u00e9ro ci-dessous. Il nous fera plaisir de discuter avec vous pour r\u00e9pondre \u00e0 vos besoins! Appelez-nous +1 (450) 582-7833 Notre emplacement 405 A rue Notre-Dame, Repntigny, QC, J6A 2T2 Heures d&rsquo;ouverture Lundi&#8212;&#8212;&#8212;&#8211; Ferm\u00e9Mardi&#8212;&#8212;&#8212; 10h \u00e0 18hMercredi&#8212;&#8212;10h \u00e0 18hJeudi&#8212;&#8212;&#8212;-10h \u00e0 [&hellip;]","og_url":"https:\/\/mgvrac.ca\/index.php\/contact\/","og_site_name":"Magasin G\u00e9n\u00e9ral Vrac &amp; Compagnie","article_publisher":"https:\/\/www.facebook.com\/MGvracetcompagnie?locale=fr_CA","article_modified_time":"2023-12-04T23:50:24+00:00","twitter_card":"summary_large_image","twitter_misc":{"Dur\u00e9e de lecture estim\u00e9e":"1 minute"},"schema":{"@context":"https:\/\/schema.org","@graph":[{"@type":"WebPage","@id":"https:\/\/mgvrac.ca\/index.php\/contact\/","url":"https:\/\/mgvrac.ca\/index.php\/contact\/","name":"Contact - Magasin G\u00e9n\u00e9ral Vrac &amp; Compagnie","isPartOf":{"@id":"https:\/\/mgvrac.ca\/#website"},"datePublished":"2023-09-17T05:04:43+00:00","dateModified":"2023-12-04T23:50:24+00:00","breadcrumb":{"@id":"https:\/\/mgvrac.ca\/index.php\/contact\/#breadcrumb"},"inLanguage":"fr-FR","potentialAction":[{"@type":"ReadAction","target":["https:\/\/mgvrac.ca\/index.php\/contact\/"]}]},{"@type":"BreadcrumbList","@id":"https:\/\/mgvrac.ca\/index.php\/contact\/#breadcrumb","itemListElement":[{"@type":"ListItem","position":1,"name":"Accueil","item":"https:\/\/mgvrac.ca\/"},{"@type":"ListItem","position":2,"name":"Contact"}]},{"@type":"WebSite","@id":"https:\/\/mgvrac.ca\/#website","url":"https:\/\/mgvrac.ca\/","name":"Magasin G\u00e9n\u00e9ral Vrac &amp; Compagnie","description":"Plus qu&#039;une \u00e9picerie une attitude","publisher":{"@id":"https:\/\/mgvrac.ca\/#organization"},"potentialAction":[{"@type":"SearchAction","target":{"@type":"EntryPoint","urlTemplate":"https:\/\/mgvrac.ca\/?s={search_term_string}"},"query-input":{"@type":"PropertyValueSpecification","valueRequired":true,"valueName":"search_term_string"}}],"inLanguage":"fr-FR"},{"@type":"Organization","@id":"https:\/\/mgvrac.ca\/#organization","name":"Magasin G\u00e9n\u00e9ral Vrac &amp; Compagnie","url":"https:\/\/mgvrac.ca\/","logo":{"@type":"ImageObject","inLanguage":"fr-FR","@id":"https:\/\/mgvrac.ca\/#\/schema\/logo\/image\/","url":"https:\/\/mgvrac.ca\/wp-content\/uploads\/2023\/09\/Magasin-General-et-Vrac-8.png","contentUrl":"https:\/\/mgvrac.ca\/wp-content\/uploads\/2023\/09\/Magasin-General-et-Vrac-8.png","width":1024,"height":1024,"caption":"Magasin G\u00e9n\u00e9ral Vrac &amp; Compagnie"},"image":{"@id":"https:\/\/mgvrac.ca\/#\/schema\/logo\/image\/"},"sameAs":["https:\/\/www.facebook.com\/MGvracetcompagnie?locale=fr_CA"]}]}},"_links":{"self":[{"href":"https:\/\/mgvrac.ca\/index.php\/wp-json\/wp\/v2\/pages\/195","targetHints":{"allow":["GET"]}}],"collection":[{"href":"https:\/\/mgvrac.ca\/index.php\/wp-json\/wp\/v2\/pages"}],"about":[{"href":"https:\/\/mgvrac.ca\/index.php\/wp-json\/wp\/v2\/types\/page"}],"author":[{"embeddable":true,"href":"https:\/\/mgvrac.ca\/index.php\/wp-json\/wp\/v2\/users\/1"}],"replies":[{"embeddable":true,"href":"https:\/\/mgvrac.ca\/index.php\/wp-json\/wp\/v2\/comments?post=195"}],"version-history":[{"count":19,"href":"https:\/\/mgvrac.ca\/index.php\/wp-json\/wp\/v2\/pages\/195\/revisions"}],"predecessor-version":[{"id":708,"href":"https:\/\/mgvrac.ca\/index.php\/wp-json\/wp\/v2\/pages\/195\/revisions\/708"}],"wp:attachment":[{"href":"https:\/\/mgvrac.ca\/index.php\/wp-json\/wp\/v2\/media?parent=195"}],"curies":[{"name":"wp","href":"https:\/\/api.w.org\/{rel}","templated":true}]}}